{"id":1908,"date":"2024-10-15T14:41:46","date_gmt":"2024-10-15T14:41:46","guid":{"rendered":"https:\/\/nazmiakpinarproje.com.tr\/?page_id=1908"},"modified":"2024-10-22T07:02:16","modified_gmt":"2024-10-22T07:02:16","slug":"faaliyet-alanlarimiz-2","status":"publish","type":"page","link":"https:\/\/nazmiakpinarproje.com.tr\/?page_id=1908","title":{"rendered":"Faaliyet Alanlar\u0131m\u0131z"},"content":{"rendered":"\t\t<div data-elementor-type=\"wp-page\" data-elementor-id=\"1908\" class=\"elementor elementor-1908\" data-elementor-post-type=\"page\">\n\t\t\t\t<div class=\"elementor-element elementor-element-b3e3931 e-flex e-con-boxed e-con e-parent\" data-id=\"b3e3931\" data-element_type=\"container\">\n\t\t\t\t\t<div class=\"e-con-inner\">\n\t\t\t\t<div class=\"elementor-element elementor-element-a29a629 elementor-widget elementor-widget-text-editor\" data-id=\"a29a629\" data-element_type=\"widget\" data-widget_type=\"text-editor.default\">\n\t\t\t\t<div class=\"elementor-widget-container\">\n\t\t\t\t\t\t\t<h1 class=\"baslik1solsag\"><span>\u00a0<\/span><\/h1><p><strong>Nazmi Akp\u0131nar Proje ve \u0130n\u015faat;\u00a0<\/strong><span>kendi faaliyet ve fonksiyon alanlar\u0131nda, Akp\u0131nar Sanayi B\u00f6lgesi\u2019nin bu g\u00fcn ve gelecekteki ihtiya\u00e7lar\u0131n\u0131 kar\u015f\u0131lama ve sanayi b\u00f6lgesinde yer alan kurumlar\u0131n vizyonlar\u0131n\u0131 daha h\u0131zl\u0131 ger\u00e7ekle\u015ftirmeleri i\u00e7in gerekli sekt\u00f6rleri hayata ge\u00e7irmede \u00f6nc\u00fcl\u00fck etmektedir.\u00a0\u0130stanbul ve \u00f6zellikle Akp\u0131nar Sanayi B\u00f6lgesinde yer alan farkl\u0131 sekt\u00f6rlerin ihtiya\u00e7lar\u0131na, kendine \u00f6zg\u00fc \u00e7\u00f6z\u00fcmleriyle, \u00e7a\u011fda\u015f ve geli\u015fen teknolojiye uygun, m\u00fc\u015fteri memnuniyetine odakl\u0131 hizmet vermektedir.\u00a0<\/span><strong>\u00a0\u00a0<\/strong><\/p><p><\/p>\t\t\t\t\t\t<\/div>\n\t\t\t\t<\/div>\n\t\t\t\t\t<\/div>\n\t\t\t\t<\/div>\n\t\t\t\t<\/div>\n\t\t","protected":false},"excerpt":{"rendered":"<p>\u00a0 Nazmi Akp\u0131nar Proje ve \u0130n\u015faat;\u00a0kendi faaliyet ve fonksiyon alanlar\u0131nda, Akp\u0131nar Sanayi B\u00f6lgesi\u2019nin bu g\u00fcn ve gelecekteki ihtiya\u00e7lar\u0131n\u0131 kar\u015f\u0131lama ve sanayi b\u00f6lgesinde yer alan kurumlar\u0131n vizyonlar\u0131n\u0131 daha h\u0131zl\u0131 ger\u00e7ekle\u015ftirmeleri i\u00e7in gerekli sekt\u00f6rleri hayata ge\u00e7irmede \u00f6nc\u00fcl\u00fck etmektedir.\u00a0\u0130stanbul ve \u00f6zellikle Akp\u0131nar Sanayi B\u00f6lgesinde yer alan farkl\u0131 sekt\u00f6rlerin ihtiya\u00e7lar\u0131na, kendine \u00f6zg\u00fc \u00e7\u00f6z\u00fcmleriyle, \u00e7a\u011fda\u015f [&hellip;]<\/p>\n","protected":false},"author":1,"featured_media":0,"parent":0,"menu_order":0,"comment_status":"closed","ping_status":"closed","template":"","meta":{"footnotes":""},"class_list":["post-1908","page","type-page","status-publish","hentry"],"_links":{"self":[{"href":"https:\/\/nazmiakpinarproje.com.tr\/index.php?rest_route=\/wp\/v2\/pages\/1908","targetHints":{"allow":["GET"]}}],"collection":[{"href":"https:\/\/nazmiakpinarproje.com.tr\/index.php?rest_route=\/wp\/v2\/pages"}],"about":[{"href":"https:\/\/nazmiakpinarproje.com.tr\/index.php?rest_route=\/wp\/v2\/types\/page"}],"author":[{"embeddable":true,"href":"https:\/\/nazmiakpinarproje.com.tr\/index.php?rest_route=\/wp\/v2\/users\/1"}],"replies":[{"embeddable":true,"href":"https:\/\/nazmiakpinarproje.com.tr\/index.php?rest_route=%2Fwp%2Fv2%2Fcomments&post=1908"}],"version-history":[{"count":28,"href":"https:\/\/nazmiakpinarproje.com.tr\/index.php?rest_route=\/wp\/v2\/pages\/1908\/revisions"}],"predecessor-version":[{"id":1945,"href":"https:\/\/nazmiakpinarproje.com.tr\/index.php?rest_route=\/wp\/v2\/pages\/1908\/revisions\/1945"}],"wp:attachment":[{"href":"https:\/\/nazmiakpinarproje.com.tr\/index.php?rest_route=%2Fwp%2Fv2%2Fmedia&parent=1908"}],"curies":[{"name":"wp","href":"https:\/\/api.w.org\/{rel}","templated":true}]}}