{"id":1341,"date":"2024-09-30T08:14:29","date_gmt":"2024-09-30T08:14:29","guid":{"rendered":"https:\/\/nazmiakpinarproje.com.tr\/?page_id=1341"},"modified":"2024-10-01T10:20:12","modified_gmt":"2024-10-01T10:20:12","slug":"sanayi-tesisleri-yapimi","status":"publish","type":"page","link":"https:\/\/nazmiakpinarproje.com.tr\/?page_id=1341","title":{"rendered":"Sanayi Tesisleri Yap\u0131m\u0131"},"content":{"rendered":"\t\t<div data-elementor-type=\"wp-page\" data-elementor-id=\"1341\" class=\"elementor elementor-1341\" data-elementor-post-type=\"page\">\n\t\t\t\t<div class=\"elementor-element elementor-element-1823cf5 e-flex e-con-boxed e-con e-parent\" data-id=\"1823cf5\" data-element_type=\"container\">\n\t\t\t\t\t<div class=\"e-con-inner\">\n\t\t\t\t<div class=\"elementor-element elementor-element-873b4ee elementor-widget elementor-widget-text-editor\" data-id=\"873b4ee\" data-element_type=\"widget\" data-widget_type=\"text-editor.default\">\n\t\t\t\t<div class=\"elementor-widget-container\">\n\t\t\t\t\t\t\t<div id=\"ust\">\n<div class=\"sabit\">\n<div id=\"menu\" class=\"menu\">\n<div id=\"supermenu\">\n<table width=\"100%\">\n<tbody>\n<tr>\n<td width=\"\"><\/td>\n<\/tr>\n<\/tbody>\n<\/table>\n<\/div>\n<div class=\"clear\"><\/div>\n<\/div>\n<\/div>\n<div><\/div>\n<\/div>\n<div><\/div>\n<div id=\"ustmenublogu\"><\/div>\n<div id=\"ortasolsag\">\n<h1 class=\"baslik1solsag\">Sanayi Tesisleri Yap\u0131m\u0131<\/h1>\n<div class=\"orta-kutu-sol-sag orta-kutu-sol-sag-icerik\">\n<p><span><strong>Sanayi tesisleri yap\u0131m\u0131 kapsam\u0131nda<\/strong>; \u015eirketlerimiz;&nbsp;fabrika ve i\u015f merkezleri, ofis ve y\u00f6netim binalar\u0131, haz\u0131r beton santralleri, akaryak\u0131t istasyonlar\u0131 ve benzeri yap\u0131lar\u0131n tasar\u0131mlar\u0131n\u0131, amac\u0131na en uygun proje ile haz\u0131rlayarak ekonomik maliyet ve en k\u0131sa s\u00fcrede teslim etmektedir.<\/span><\/p>\n<p><\/p>\n<p><span>Akp\u0131nar Sanayi b\u00f6lgesi i\u00e7inde yer alan \u00e7ok say\u0131da tesisisin yap\u0131m\u0131,&nbsp;Nazmi Akp\u0131nar Proje ve \u0130n\u015faat taraf\u0131ndan tamamlanm\u0131\u015ft\u0131r. Halen yap\u0131m\u0131 devam eden bir k\u0131s\u0131m fabrikan\u0131n in\u015faat\u0131da&nbsp;Nazmi Akp\u0131nar Proje ve \u0130n\u015faat taraf\u0131ndan y\u00fcr\u00fct\u00fclmektedir.<\/span><\/p>\n<\/div>\n<\/div>\t\t\t\t\t\t<\/div>\n\t\t\t\t<\/div>\n\t\t\t\t\t<\/div>\n\t\t\t\t<\/div>\n\t\t\t\t<\/div>\n\t\t","protected":false},"excerpt":{"rendered":"<p>Sanayi Tesisleri Yap\u0131m\u0131 Sanayi tesisleri yap\u0131m\u0131 kapsam\u0131nda; \u015eirketlerimiz;&nbsp;fabrika ve i\u015f merkezleri, ofis ve y\u00f6netim binalar\u0131, haz\u0131r beton santralleri, akaryak\u0131t istasyonlar\u0131 ve benzeri yap\u0131lar\u0131n tasar\u0131mlar\u0131n\u0131, amac\u0131na en uygun proje ile haz\u0131rlayarak ekonomik maliyet ve en k\u0131sa s\u00fcrede teslim etmektedir. Akp\u0131nar Sanayi b\u00f6lgesi i\u00e7inde yer alan \u00e7ok say\u0131da tesisisin yap\u0131m\u0131,&nbsp;Nazmi Akp\u0131nar Proje [&hellip;]<\/p>\n","protected":false},"author":1,"featured_media":0,"parent":0,"menu_order":0,"comment_status":"closed","ping_status":"closed","template":"","meta":{"footnotes":""},"class_list":["post-1341","page","type-page","status-publish","hentry"],"_links":{"self":[{"href":"https:\/\/nazmiakpinarproje.com.tr\/index.php?rest_route=\/wp\/v2\/pages\/1341","targetHints":{"allow":["GET"]}}],"collection":[{"href":"https:\/\/nazmiakpinarproje.com.tr\/index.php?rest_route=\/wp\/v2\/pages"}],"about":[{"href":"https:\/\/nazmiakpinarproje.com.tr\/index.php?rest_route=\/wp\/v2\/types\/page"}],"author":[{"embeddable":true,"href":"https:\/\/nazmiakpinarproje.com.tr\/index.php?rest_route=\/wp\/v2\/users\/1"}],"replies":[{"embeddable":true,"href":"https:\/\/nazmiakpinarproje.com.tr\/index.php?rest_route=%2Fwp%2Fv2%2Fcomments&post=1341"}],"version-history":[{"count":4,"href":"https:\/\/nazmiakpinarproje.com.tr\/index.php?rest_route=\/wp\/v2\/pages\/1341\/revisions"}],"predecessor-version":[{"id":1482,"href":"https:\/\/nazmiakpinarproje.com.tr\/index.php?rest_route=\/wp\/v2\/pages\/1341\/revisions\/1482"}],"wp:attachment":[{"href":"https:\/\/nazmiakpinarproje.com.tr\/index.php?rest_route=%2Fwp%2Fv2%2Fmedia&parent=1341"}],"curies":[{"name":"wp","href":"https:\/\/api.w.org\/{rel}","templated":true}]}}