{"id":1339,"date":"2024-09-30T08:14:29","date_gmt":"2024-09-30T08:14:29","guid":{"rendered":"https:\/\/nazmiakpinarproje.com.tr\/?page_id=1339"},"modified":"2024-10-01T10:15:50","modified_gmt":"2024-10-01T10:15:50","slug":"muteahhitlik-hizmetleri","status":"publish","type":"page","link":"https:\/\/nazmiakpinarproje.com.tr\/?page_id=1339","title":{"rendered":"M\u00fcteahhitlik Hizmetleri"},"content":{"rendered":"\t\t<div data-elementor-type=\"wp-page\" data-elementor-id=\"1339\" class=\"elementor elementor-1339\" data-elementor-post-type=\"page\">\n\t\t\t\t<div class=\"elementor-element elementor-element-991da24 e-flex e-con-boxed e-con e-parent\" data-id=\"991da24\" data-element_type=\"container\">\n\t\t\t\t\t<div class=\"e-con-inner\">\n\t\t\t\t<div class=\"elementor-element elementor-element-50a0313 elementor-drop-cap-yes elementor-drop-cap-view-default elementor-widget elementor-widget-text-editor\" data-id=\"50a0313\" data-element_type=\"widget\" data-settings=\"{&quot;drop_cap&quot;:&quot;yes&quot;}\" data-widget_type=\"text-editor.default\">\n\t\t\t\t<div class=\"elementor-widget-container\">\n\t\t\t\t\t\t\t<p><b>M\u00fcteahhitlik Hizmetleri<br \/><\/b>\u015eirketlerimiz; bir yap\u0131n\u0131n \u00f6n et\u00fctlerinden pozlu ve metrajl\u0131 imalat safhalar\u0131na ve imalat kontroll\u00fc\u011f\u00fcne kadar genel anlamda hizmet vermektedir. \u015eirket olarak \u00fcst\u00fcn kalitede in\u015faat imalatlar\u0131 ve hizmetleri sunarken; \u00e7evre sa\u011fl\u0131\u011f\u0131n\u0131 korumak, \u00e7al\u0131\u015fanlar\u0131n\u0131n moral d\u00fczeyini her zaman y\u00fcksek tutmak, i\u015f g\u00fcvenli\u011fi ve i\u015f\u00e7i sa\u011fl\u0131\u011f\u0131 konusunda en y\u00fcksek standard\u0131 uygulamak ve her faaliyette i\u015f ahlak\u0131n\u0131 \u00f6n planda tutmak temel prensibimizdir. \u015eirketimiz, m\u00fcteahhitlik konusunda a\u015fa\u011f\u0131daki alanlarda hizmet vermektedir.<\/p><p>Kaba in\u015faat i\u015fleri,<\/p><p>\u0130nce in\u015faat i\u015fleri,<\/p><p>Akaryak\u0131t istasyonlar\u0131 yap\u0131m\u0131,<\/p><p>Depolama tesisleri yap\u0131m\u0131,<\/p><p>End\u00fcstriyel tesisler yap\u0131m\u0131,<\/p><p>Fabrikalar, sanayi tesisleri yap\u0131m\u0131,<\/p><p>Hizmet binalar\u0131 yap\u0131m\u0131,<\/p><p>Kanalizasyon tesisleri yap\u0131m\u0131,<\/p><p>Pis su ar\u0131tma tesisleri yap\u0131m\u0131,<\/p><p>Yap\u0131 g\u00fc\u00e7lendirme hizmetleri,<\/p><p>K\u0131r\u0131m ve y\u0131k\u0131m \u0130\u015fleri,<\/p><p>Hafriyat \u0130\u015fleri.<\/p><p>Kaba in\u015faat i\u015fleri<\/p><p>Kaba in\u015faat i\u015fleri sorunsuz, garantili, itina ile yap\u0131lmaktad\u0131r. Fabrika, i\u015f merkezi, depolama alanlar\u0131, al\u0131\u015fveri\u015f merkezleri, konut, okul v.b. i\u015flerde betonarme k\u0131sm\u0131n\u0131n yan\u0131nda, izolasyon, drenaj ve dolgu i\u015flerinden \u00e7at\u0131 kapatmalar\u0131na her t\u00fcrl\u00fc in\u015faat faaliyeti \u00f6zenle y\u00fcr\u00fct\u00fclmektedir. Fabrika ve i\u015f merkezlerinde modern kal\u0131p ile temiz betonarme y\u00fczeylerleri elde etmek, iste\u011fe ba\u011fl\u0131 olarak bu y\u00fczeylerin boyanmas\u0131 veya do\u011fal olarak muhafaza edilmesi alanlar\u0131nda da hizmet verilmektedir.<\/p><p>\u0130nce in\u015faat i\u015fleri<\/p><p>\u0130n\u015faat \u00fczerine malzemeli ya da malzemesiz i\u015fleri yapmaktay\u0131z. Kara s\u0131va, al\u00e7\u0131 s\u0131va, kayrak ta\u015f kaplama, mermer, seramik, \u00e7at\u0131, asma tavan, demir do\u011frama, pergule , havuz, betebe, duvar \u00f6rme, bims duvar \u00f6rme, \u0131s\u0131 yalt\u0131ml\u0131 d\u0131\u015f cephe mantolama, ta\u015f duvar ve bilimum in\u015faat i\u015fleri itina ile yap\u0131lmaktad\u0131r.<\/p><p>Prefabrik in\u015faat i\u015fleri<\/p><p>Prefabrik yap\u0131lar depreme dayan\u0131kl\u0131 oldu\u011fu i\u00e7in bir k\u0131s\u0131m sekt\u00f6rlerde daha \u00e7ok tercih edilmektedir. \u00dcretimine ba\u015flanmadan \u00f6nce zemin analizlerine, deprem ku\u015fa\u011f\u0131 b\u00f6lgesine, toprak sertli\u011fine ve amac\u0131na uygunlu\u011funa g\u00f6re belirli analizleri tamamland\u0131ktan sonra projesi haz\u0131r hale gelmektedir. Bu yap\u0131lardan s\u00f6z edilirken, ev ve villadan ziyade, ticari ama\u00e7lar i\u00e7in olu\u015fturulmu\u015f b\u00fcy\u00fck yap\u0131lar akla gelmektedir. G\u00fcn\u00fcm\u00fczde bir\u00e7ok fabrika, \u015fantiye veya hangarlar prefabrike olarak yap\u0131lmaktad\u0131r.<\/p><p>\u00c7ok b\u00fcy\u00fck binalardan, \u00fcretim ve imalat tesislerine kadar bir\u00e7ok yap\u0131y\u0131 ger\u00e7ekle\u015ftirecek kapasitede olan firmam\u0131z, bu yap\u0131larda \u00e7elik konstr\u00fcksiyonu tercih etmektedir. \u00c7elik konstr\u00fcksiyon yap\u0131lar, kaynaks\u0131z yap\u0131 teknolojisi kullan\u0131larak olu\u015fturulur. Bu nedenle, gelecekteki ek masraflar s\u0131f\u0131ra indirilecek \u015fekilde tasarlan\u0131r.<\/p><p>Genelde siding ile kaplanan yap\u0131lar; yang\u0131nlara, sese ve \u0131s\u0131ya kar\u015f\u0131 diren\u00e7 g\u00f6stermesi yan\u0131nda maliyetleri de d\u00fc\u015f\u00fckt\u00fcr. \u0130lave olarak, bu yap\u0131larda uygulanan geli\u015fmi\u015f \u00e7at\u0131 teknolojisi sayesinde hem yap\u0131n\u0131n g\u00f6r\u00fcn\u00fc\u015f\u00fcnden \u00f6d\u00fcn verilmez, hem de b\u00fcy\u00fck sahalar i\u00e7in ek ayd\u0131nlatma fakt\u00f6r\u00fc ortadan kalkar. Mesela, kapal\u0131 olan bir fabrikan\u0131z\u0131n \u00e7at\u0131s\u0131 g\u00fcne\u015f \u0131\u015f\u0131\u011f\u0131n\u0131 ge\u00e7irmeyecek nitelikte bir malzeme ile kaplan\u0131rsa, \u0131\u015f\u0131k sebebiyle maliyetiniz artar, g\u00fcn\u00fcn \u00e7al\u0131\u015fma saatleri olan g\u00fcnd\u00fcz \u0131\u015f\u0131\u011f\u0131n\u0131 tam anlam\u0131yla kullanamazs\u0131n\u0131z. Fakat g\u00fcne\u015f \u0131\u015f\u0131\u011f\u0131n\u0131 ge\u00e7irebilecek ve daha \u00f6nceden hesaplanm\u0131\u015f proje detaylar\u0131 ile temin edilen kaplama \u00e7e\u015fitleri, sizi ek masraflardan kurtaracakt\u0131r. Kaplama olarak kullan\u0131lacak ek detaylar bilgi olarak verildikten sonra, yapt\u0131raca\u011f\u0131n\u0131z prefabrik yap\u0131n\u0131n bu detaylar\u0131 m\u00fchendis ekibimiz taraf\u0131ndan bilgsayar ortam\u0131nda \u00e7\u0131kart\u0131l\u0131r.<\/p><p>\u00c7elik yap\u0131lar<\/p><p>\u00c7elik konstr\u00fcksiyon yap\u0131larda t\u00fcm ta\u015f\u0131y\u0131c\u0131 sistemler \u00e7elikten \u00fcretildi\u011fi i\u00e7in \u00f6zellikle deprem tehtidi ta\u015f\u0131yan co\u011frafi b\u00f6lgelerde bu yap\u0131lar tercih edilir. Genelde; \u00e7elik konstr\u00fcksiyon fabrika binalar\u0131, \u00e7elik konstr\u00fcksiyon hangarlar, \u00e7elik konstr\u00fcksiyon spor tesisleri, \u00e7elik konstr\u00fcksiyon depo ve \u00e7elik konstr\u00fcksiyon at\u00f6lyeler, geni\u015f a\u00e7\u0131kl\u0131klara ve y\u00fcksekli\u011fe sahip \u00e7elik yap\u0131 sistemleridir.<\/p><p>\u00dclkemizdeki kentle\u015fmenin b\u00fcy\u00fck \u00e7o\u011funlu\u011fu deprem b\u00f6lgesinde yo\u011funla\u015fm\u0131\u015ft\u0131r. \u00c7elik yap\u0131lar di\u011fer ta\u015f\u0131y\u0131c\u0131 sistemlere g\u00f6re \u00e7ok \u00fcst\u00fcn mekanik \u00f6zelliklere, statik yeteneklere ve uygulama kolayl\u0131\u011f\u0131na sahip oldu\u011fu i\u00e7in, ge\u00e7mi\u015fte olduk\u00e7a az olan \u00e7elik konstr\u00fcksiyon yap\u0131 sistemleri, g\u00fcn\u00fcm\u00fczde daha yayg\u0131n olarak in\u015fa edilmektedir.<\/p><p>\u00c7elik konstr\u00fcksiyon yap\u0131lar, a\u011f\u0131r \u00e7elik ve hafif \u00e7elik konstr\u00fcksiyon yap\u0131lar olarak ikiye ayr\u0131l\u0131rlar. B\u00fcy\u00fck a\u00e7\u0131kl\u0131kl\u0131 ve kreynli fabrika binalar\u0131 a\u011f\u0131r \u00e7elik yap\u0131lara, prefabrik at\u00f6lye ve depo yap\u0131lar\u0131 da hafif \u00e7elik konstr\u00fcksiyon yap\u0131lara birer \u00f6rnektir.<\/p><p>\u00c7elik konstr\u00fcksiyon yap\u0131lar, yal\u0131t\u0131ml\u0131 ve yal\u0131t\u0131ms\u0131z olarak da ikiye ayr\u0131lmaktad\u0131r. Yal\u0131t\u0131ml\u0131 binalar\u0131n duvar ve \u00e7at\u0131lar\u0131nda kullan\u0131lan poli\u00fcretan paneller veya ta\u015fy\u00fcn\u00fc paneller sayesinde \u0131s\u0131 ve ses yal\u0131t\u0131m\u0131 sa\u011flanmaktad\u0131r. Yal\u0131t\u0131ms\u0131z \u00e7elik binalar\u0131n tercih edilme sebebi ise ekonomik olmas\u0131d\u0131r.<\/p><p>Hafif olmas\u0131 nedeniyle \u00e7elik konstr\u00fcksiyon yap\u0131lar daha az deprem y\u00fcklerine maruz kal\u0131r, sa\u011flamd\u0131r, imalat ve montajda i\u015f\u00e7ilik ve zamandan tasarruf sa\u011flar. \u00c7elik konstr\u00fcksiyon yap\u0131larda farkl\u0131 konstr\u00fcksiyon sistemleri uygulanabilir.<\/p><p>\u00c7elik konstr\u00fcksiyon yap\u0131lar\u0131n kurulumu h\u0131zl\u0131d\u0131r, defalarca s\u00f6k\u00fcl\u00fcp tekrar monte edilebilir ve uzun \u00f6m\u00fcrl\u00fcd\u00fcr. \u00c7elik %100 geri d\u00f6n\u00fc\u015ft\u00fcr\u00fclebilir ve bu i\u015flem ka\u00e7 kez yap\u0131l\u0131rsa yap\u0131ls\u0131n, \u00f6zelli\u011fini kaybetmez, \u00e7evreye zarar vermez.<\/p><p>\u00c7elik yap\u0131larda, betonun ta\u015f\u0131nmas\u0131 s\u0131ras\u0131nda olu\u015fan \u0131s\u0131n\u0131n yol a\u00e7t\u0131\u011f\u0131 mukavemet kayb\u0131, d\u00f6k\u00fcm\u00fc s\u0131ras\u0131ndaki donma ya da yanma gibi riskler de yoktur. \u00c7eli\u011fin betonarmeye g\u00f6re daha s\u00fcnek bir malzeme olmas\u0131, depremde enerji yutmas\u0131 ve baz\u0131 bi\u00e7im bozukluklar\u0131na u\u011framas\u0131, y\u0131k\u0131lma olana\u011f\u0131n\u0131 ortadan kald\u0131r\u0131r. Ayr\u0131ca, onar\u0131m ve g\u00fc\u00e7lendirmeye olanak sa\u011flamas\u0131, deprem sonras\u0131 i\u00e7in \u00f6nemli kolayl\u0131k sa\u011flar. \u00c7elik, \u00e7evre dostu bir malzemedir. Bu nedenle, \u00e7elik yap\u0131 ve in\u015faat\u0131, hem \u00e7evreyi kirletmez, hem de yeniden d\u00f6n\u00fc\u015f\u00fcml\u00fc bir malzemedir.<\/p><p>Bilinenlerin aksine, ta\u015f\u0131y\u0131c\u0131 sistem olarak \u00e7elik, betonarme sistemlerden daha pahal\u0131 de\u011fildir. Sistemin maliyetini art\u0131ran fakt\u00f6rler, yap\u0131y\u0131 tamamlayan \u00fcr\u00fcnlerin kalitesinin standart bir betonarme yap\u0131da kullan\u0131lan \u00fcr\u00fcnlerden \u00e7ok daha \u00fcst\u00fcn olu\u015fundan kaynaklanmaktad\u0131r.<\/p>\t\t\t\t\t\t<\/div>\n\t\t\t\t<\/div>\n\t\t\t\t\t<\/div>\n\t\t\t\t<\/div>\n\t\t\t\t<\/div>\n\t\t","protected":false},"excerpt":{"rendered":"<p>M\u00fcteahhitlik Hizmetleri\u015eirketlerimiz; bir yap\u0131n\u0131n \u00f6n et\u00fctlerinden pozlu ve metrajl\u0131 imalat safhalar\u0131na ve imalat kontroll\u00fc\u011f\u00fcne kadar genel anlamda hizmet vermektedir. \u015eirket olarak \u00fcst\u00fcn kalitede in\u015faat imalatlar\u0131 ve hizmetleri sunarken; \u00e7evre sa\u011fl\u0131\u011f\u0131n\u0131 korumak, \u00e7al\u0131\u015fanlar\u0131n\u0131n moral d\u00fczeyini her zaman y\u00fcksek tutmak, i\u015f g\u00fcvenli\u011fi ve i\u015f\u00e7i sa\u011fl\u0131\u011f\u0131 konusunda en y\u00fcksek standard\u0131 uygulamak ve her [&hellip;]<\/p>\n","protected":false},"author":1,"featured_media":0,"parent":0,"menu_order":0,"comment_status":"closed","ping_status":"closed","template":"","meta":{"footnotes":""},"class_list":["post-1339","page","type-page","status-publish","hentry"],"_links":{"self":[{"href":"https:\/\/nazmiakpinarproje.com.tr\/index.php?rest_route=\/wp\/v2\/pages\/1339","targetHints":{"allow":["GET"]}}],"collection":[{"href":"https:\/\/nazmiakpinarproje.com.tr\/index.php?rest_route=\/wp\/v2\/pages"}],"about":[{"href":"https:\/\/nazmiakpinarproje.com.tr\/index.php?rest_route=\/wp\/v2\/types\/page"}],"author":[{"embeddable":true,"href":"https:\/\/nazmiakpinarproje.com.tr\/index.php?rest_route=\/wp\/v2\/users\/1"}],"replies":[{"embeddable":true,"href":"https:\/\/nazmiakpinarproje.com.tr\/index.php?rest_route=%2Fwp%2Fv2%2Fcomments&post=1339"}],"version-history":[{"count":4,"href":"https:\/\/nazmiakpinarproje.com.tr\/index.php?rest_route=\/wp\/v2\/pages\/1339\/revisions"}],"predecessor-version":[{"id":1476,"href":"https:\/\/nazmiakpinarproje.com.tr\/index.php?rest_route=\/wp\/v2\/pages\/1339\/revisions\/1476"}],"wp:attachment":[{"href":"https:\/\/nazmiakpinarproje.com.tr\/index.php?rest_route=%2Fwp%2Fv2%2Fmedia&parent=1339"}],"curies":[{"name":"wp","href":"https:\/\/api.w.org\/{rel}","templated":true}]}}